{"id":979,"date":"2025-04-14T11:58:50","date_gmt":"2025-04-14T09:58:50","guid":{"rendered":"https:\/\/www.tecnovat.it\/?page_id=979"},"modified":"2026-03-12T14:47:55","modified_gmt":"2026-03-12T13:47:55","slug":"ets2-emission-trading-system-transport","status":"publish","type":"page","link":"https:\/\/www.tecnovat.it\/en\/servizi\/ets2-emission-trading-system-trasporti\/","title":{"rendered":"ETS2: Emission Trading System"},"content":{"rendered":"\t\t<div data-elementor-type=\"wp-page\" data-elementor-id=\"979\" class=\"elementor elementor-979\" data-elementor-post-type=\"page\">\n\t\t\t\t<div class=\"elementor-element elementor-element-eb71769 e-con-full e-flex e-con e-parent\" data-id=\"eb71769\" data-element_type=\"container\" data-e-type=\"container\" data-settings=\"{&quot;background_background&quot;:&quot;classic&quot;}\">\n\t\t<div class=\"elementor-element elementor-element-5af0305 e-con-full e-flex e-con e-child\" data-id=\"5af0305\" data-element_type=\"container\" data-e-type=\"container\">\n\t\t<div class=\"elementor-element elementor-element-080d753 e-con-full e-flex e-con e-child\" data-id=\"080d753\" data-element_type=\"container\" data-e-type=\"container\">\n\t\t\t\t<div class=\"elementor-element elementor-element-9609a63 elementor-widget__width-initial elementor-widget elementor-widget-heading\" data-id=\"9609a63\" data-element_type=\"widget\" data-e-type=\"widget\" data-settings=\"{&quot;_animation&quot;:&quot;none&quot;,&quot;_animation_delay&quot;:150}\" data-widget_type=\"heading.default\">\n\t\t\t\t<div class=\"elementor-widget-container\">\n\t\t\t\t\t<h1 class=\"elementor-heading-title elementor-size-default\">Emission Trading System: <b>ETS2<\/b><\/h1>\t\t\t\t<\/div>\n\t\t\t\t<\/div>\n\t\t\t\t<\/div>\n\t\t<div class=\"elementor-element elementor-element-b88789c e-con-full e-flex e-con e-child\" data-id=\"b88789c\" data-element_type=\"container\" data-e-type=\"container\">\n\t\t\t\t<div class=\"elementor-element elementor-element-548bd64 elementor-widget elementor-widget-text-editor\" data-id=\"548bd64\" data-element_type=\"widget\" data-e-type=\"widget\" data-widget_type=\"text-editor.default\">\n\t\t\t\t<div class=\"elementor-widget-container\">\n\t\t\t\t\t\t\t\t\t<p>A partire dal 2025, chi immette in consumo carburanti fossili adoperati nei settori <strong>trasporti su strada, edilizia e piccola industria<\/strong> dovr\u00e0 entrare nel nuovo sistema europeo delle emissioni: ETS2.<\/p><p>Cambiano le regole. Noi ti aiutiamo a rispondere, non subire.<\/p>\t\t\t\t\t\t\t\t<\/div>\n\t\t\t\t<\/div>\n\t\t\t\t<\/div>\n\t\t\t\t<\/div>\n\t\t\t\t<\/div>\n\t\t<div class=\"elementor-element elementor-element-f3676d0 e-con-full e-flex e-con e-parent\" data-id=\"f3676d0\" data-element_type=\"container\" data-e-type=\"container\">\n\t\t\t\t<div class=\"elementor-element elementor-element-f75d920 elementor-widget__width-initial elementor-widget elementor-widget-html\" data-id=\"f75d920\" data-element_type=\"widget\" data-e-type=\"widget\" data-widget_type=\"html.default\">\n\t\t\t\t<div class=\"elementor-widget-container\">\n\t\t\t\t\t<div id=\"el-breadcrumbs\"><\/div>\n\n<script>\n  document.addEventListener('DOMContentLoaded', function(){\n    const path = window.location.pathname.split('\/').filter(p => p);\n    const container = document.getElementById('el-breadcrumbs');\n    if(!container) return;\n\n    const homeLink = '<a href=\"\/\">Home<\/a>';\n    const sep = ' \/ ';\n    let crumbs = [homeLink];\n\n    let accumulated = '\/';\n    path.forEach((segment, i) => {\n      accumulated += segment + '\/';\n      \/\/ Sostituisci trattini e maiuscole  \n      const name = segment.replace(\/-\/g, ' ').replace(\/\\b\\w\/g, l => l.toUpperCase());\n      if (i < path.length - 1) {\n        crumbs.push(`<a href=\"${accumulated}\">${name}<\/a>`);\n      } else {\n        crumbs.push(`<span>${name}<\/span>`);\n      }\n    });\n\n    container.innerHTML = '<nav class=\"el-breadcrumbs\" aria-label=\"Breadcrumb\">' \n                          + crumbs.join(sep) \n                          + '<\/nav>';\n  });\n<\/script>\n\t\t\t\t<\/div>\n\t\t\t\t<\/div>\n\t\t\t\t<\/div>\n\t\t<div class=\"elementor-element elementor-element-e4ba1d4 e-con-full e-flex e-con e-parent\" data-id=\"e4ba1d4\" data-element_type=\"container\" data-e-type=\"container\" data-settings=\"{&quot;background_background&quot;:&quot;classic&quot;}\">\n\t\t<div class=\"elementor-element elementor-element-304d16e e-con-full e-flex elementor-invisible e-con e-child\" data-id=\"304d16e\" data-element_type=\"container\" data-e-type=\"container\" data-settings=\"{&quot;animation&quot;:&quot;fadeInUp&quot;,&quot;animation_delay&quot;:250}\">\n\t\t<div class=\"elementor-element elementor-element-6f0f331 e-con-full e-flex e-con e-child\" data-id=\"6f0f331\" data-element_type=\"container\" data-e-type=\"container\">\n\t\t\t\t<div class=\"elementor-element elementor-element-48ab9d5 elementor-widget__width-initial elementor-widget elementor-widget-heading\" data-id=\"48ab9d5\" data-element_type=\"widget\" data-e-type=\"widget\" data-widget_type=\"heading.default\">\n\t\t\t\t<div class=\"elementor-widget-container\">\n\t\t\t\t\t<h2 class=\"elementor-heading-title elementor-size-default\">Che cos\u2019\u00e8 l\u2019ETS2: un nuovo capitolo nella regolazione delle\nemissioni<\/h2>\t\t\t\t<\/div>\n\t\t\t\t<\/div>\n\t\t\t\t<div class=\"elementor-element elementor-element-d550e00 elementor-widget__width-initial elementor-widget-divider--view-line elementor-widget elementor-widget-divider\" data-id=\"d550e00\" data-element_type=\"widget\" data-e-type=\"widget\" data-widget_type=\"divider.default\">\n\t\t\t\t<div class=\"elementor-widget-container\">\n\t\t\t\t\t\t\t<div class=\"elementor-divider\">\n\t\t\t<span class=\"elementor-divider-separator\">\n\t\t\t\t\t\t<\/span>\n\t\t<\/div>\n\t\t\t\t\t\t<\/div>\n\t\t\t\t<\/div>\n\t\t\t\t<div class=\"elementor-element elementor-element-6031847 elementor-widget__width-initial elementor-widget elementor-widget-text-editor\" data-id=\"6031847\" data-element_type=\"widget\" data-e-type=\"widget\" data-widget_type=\"text-editor.default\">\n\t\t\t\t<div class=\"elementor-widget-container\">\n\t\t\t\t\t\t\t\t\t<p>L\u2019ETS2 rappresenta un\u2019estensione evolutiva del <strong>sistema europeo di scambio <\/strong><strong>delle quote di emissione<\/strong>, concepita per ampliare il raggio d\u2019azione delle politiche climatiche dell\u2019Unione Europea.\u00a0<\/p>\t\t\t\t\t\t\t\t<\/div>\n\t\t\t\t<\/div>\n\t\t\t\t<\/div>\n\t\t<div class=\"elementor-element elementor-element-d010b53 e-con-full e-flex e-con e-child\" data-id=\"d010b53\" data-element_type=\"container\" data-e-type=\"container\">\n\t\t\t\t<div class=\"elementor-element elementor-element-228b8b0 elementor-widget__width-initial elementor-widget elementor-widget-text-editor\" data-id=\"228b8b0\" data-element_type=\"widget\" data-e-type=\"widget\" data-widget_type=\"text-editor.default\">\n\t\t\t\t<div class=\"elementor-widget-container\">\n\t\t\t\t\t\t\t\t\t<p>Introdotto con il Capo IV-bis della <strong>Direttiva 2003\/87\/CE<\/strong>, questo nuovo schema regolatorio \u00e8 autonomo rispetto all\u2019attuale EU ETS, ma ne riprende principi, strutture e meccanismi di mercato, applicandoli a settori finora esclusi come edilizia residenziale, trasporto stradale e piccole industrie non energivore.<\/p><p>L\u2019ETS2 \u00e8 entrato in vigore nel 2025 con una fase di monitoraggio, per poi avviare il mercato delle aste nel 2027. A differenza del sistema originario, non prevede assegnazioni gratuite di quote, introducendo una logica interamente basata sulla responsabilizzazione economica.<\/p>\t\t\t\t\t\t\t\t<\/div>\n\t\t\t\t<\/div>\n\t\t\t\t<\/div>\n\t\t\t\t<\/div>\n\t\t\t\t<\/div>\n\t\t<div class=\"elementor-element elementor-element-8b14d32 e-con-full e-flex e-con e-parent\" data-id=\"8b14d32\" data-element_type=\"container\" data-e-type=\"container\" data-settings=\"{&quot;background_background&quot;:&quot;classic&quot;}\">\n\t\t<div class=\"elementor-element elementor-element-eb11e39 e-con-full e-flex elementor-invisible e-con e-child\" data-id=\"eb11e39\" data-element_type=\"container\" data-e-type=\"container\" data-settings=\"{&quot;animation&quot;:&quot;fadeInUp&quot;,&quot;animation_delay&quot;:250}\">\n\t\t<div class=\"elementor-element elementor-element-922eb7e e-con-full e-flex e-con e-child\" data-id=\"922eb7e\" data-element_type=\"container\" data-e-type=\"container\">\n\t\t\t\t<div class=\"elementor-element elementor-element-4e435e6 elementor-widget__width-initial elementor-widget elementor-widget-heading\" data-id=\"4e435e6\" data-element_type=\"widget\" data-e-type=\"widget\" data-widget_type=\"heading.default\">\n\t\t\t\t<div class=\"elementor-widget-container\">\n\t\t\t\t\t<h2 class=\"elementor-heading-title elementor-size-default\">Chi \u00e8 interessato all\u2019ETS2<\/h2>\t\t\t\t<\/div>\n\t\t\t\t<\/div>\n\t\t\t\t<div class=\"elementor-element elementor-element-f02b065 elementor-widget__width-initial elementor-widget-divider--view-line elementor-widget elementor-widget-divider\" data-id=\"f02b065\" data-element_type=\"widget\" data-e-type=\"widget\" data-widget_type=\"divider.default\">\n\t\t\t\t<div class=\"elementor-widget-container\">\n\t\t\t\t\t\t\t<div class=\"elementor-divider\">\n\t\t\t<span class=\"elementor-divider-separator\">\n\t\t\t\t\t\t<\/span>\n\t\t<\/div>\n\t\t\t\t\t\t<\/div>\n\t\t\t\t<\/div>\n\t\t\t\t<div class=\"elementor-element elementor-element-240ddf3 elementor-widget__width-initial elementor-widget elementor-widget-text-editor\" data-id=\"240ddf3\" data-element_type=\"widget\" data-e-type=\"widget\" data-widget_type=\"text-editor.default\">\n\t\t\t\t<div class=\"elementor-widget-container\">\n\t\t\t\t\t\t\t\t\t<p>L\u2019ETS2 si distingue per <strong>l\u2019ampliamento del perimetro<\/strong> regolato rispetto all\u2019EU ETS tradizionale, includendo settori finora esclusi ma altamente impattanti in termini di emissioni diffuse. Il sistema si applica alla combustione di carburanti e combustibili \u2014 solidi, liquidi e gassosi \u2014 utilizzati nei <strong>settori degli edifici, del trasporto stradale e di alcune attivit\u00e0 industriali e manifatturiere leggere<\/strong> non precedentemente soggette all\u2019ETS.<\/p>\t\t\t\t\t\t\t\t<\/div>\n\t\t\t\t<\/div>\n\t\t\t\t<\/div>\n\t\t<div class=\"elementor-element elementor-element-a1088ce e-con-full e-flex e-con e-child\" data-id=\"a1088ce\" data-element_type=\"container\" data-e-type=\"container\">\n\t\t\t\t<div class=\"elementor-element elementor-element-b15f7a6 elementor-widget__width-initial elementor-widget elementor-widget-text-editor\" data-id=\"b15f7a6\" data-element_type=\"widget\" data-e-type=\"widget\" data-widget_type=\"text-editor.default\">\n\t\t\t\t<div class=\"elementor-widget-container\">\n\t\t\t\t\t\t\t\t\t<p>Le emissioni regolamentate si riferiscono principalmente al biossido di carbonio (CO\u2082), prodotto dall\u2019immissione in consumo di tali combustibili a fini energetici. Vengono tuttavia escluse le attivit\u00e0 gi\u00e0 soggette al sistema ETS originario, salvo eccezioni specifiche previste dalla normativa, come l\u2019uso in ambito di stoccaggio geologico. Il <strong>nuovo assetto regolatorio<\/strong> rende i soggetti obbligati non gli utilizzatori finali, ma gli operatori responsabili dell\u2019accisa, segnando una netta discontinuit\u00e0 rispetto ai criteri tradizionali.<\/p>\t\t\t\t\t\t\t\t<\/div>\n\t\t\t\t<\/div>\n\t\t\t\t<\/div>\n\t\t\t\t<\/div>\n\t\t\t\t<\/div>\n\t\t<div class=\"elementor-element elementor-element-8a625e0 e-con-full e-flex e-con e-parent\" data-id=\"8a625e0\" data-element_type=\"container\" data-e-type=\"container\" data-settings=\"{&quot;background_background&quot;:&quot;classic&quot;}\">\n\t\t<div class=\"elementor-element elementor-element-4c5efec e-con-full e-flex elementor-invisible e-con e-child\" data-id=\"4c5efec\" data-element_type=\"container\" data-e-type=\"container\" data-settings=\"{&quot;animation&quot;:&quot;fadeInUp&quot;,&quot;animation_delay&quot;:250}\">\n\t\t\t\t<div class=\"elementor-element elementor-element-9a4e58b elementor-widget__width-initial elementor-widget elementor-widget-heading\" data-id=\"9a4e58b\" data-element_type=\"widget\" data-e-type=\"widget\" data-widget_type=\"heading.default\">\n\t\t\t\t<div class=\"elementor-widget-container\">\n\t\t\t\t\t<h2 class=\"elementor-heading-title elementor-size-default\">Cosa cambia con ETS2<\/h2>\t\t\t\t<\/div>\n\t\t\t\t<\/div>\n\t\t\t\t<div class=\"elementor-element elementor-element-881340b elementor-widget__width-initial elementor-widget-divider--view-line elementor-widget elementor-widget-divider\" data-id=\"881340b\" data-element_type=\"widget\" data-e-type=\"widget\" data-widget_type=\"divider.default\">\n\t\t\t\t<div class=\"elementor-widget-container\">\n\t\t\t\t\t\t\t<div class=\"elementor-divider\">\n\t\t\t<span class=\"elementor-divider-separator\">\n\t\t\t\t\t\t<\/span>\n\t\t<\/div>\n\t\t\t\t\t\t<\/div>\n\t\t\t\t<\/div>\n\t\t\t\t<\/div>\n\t\t<div class=\"elementor-element elementor-element-df4c6d9 e-con-full e-flex elementor-invisible e-con e-child\" data-id=\"df4c6d9\" data-element_type=\"container\" data-e-type=\"container\" data-settings=\"{&quot;animation&quot;:&quot;fadeInUp&quot;,&quot;animation_delay&quot;:250}\">\n\t\t<div class=\"elementor-element elementor-element-a59795e e-con-full e-flex e-con e-child\" data-id=\"a59795e\" data-element_type=\"container\" data-e-type=\"container\">\n\t\t\t\t<div class=\"elementor-element elementor-element-3b58568 elementor-widget__width-initial elementor-widget elementor-widget-text-editor\" data-id=\"3b58568\" data-element_type=\"widget\" data-e-type=\"widget\" data-widget_type=\"text-editor.default\">\n\t\t\t\t<div class=\"elementor-widget-container\">\n\t\t\t\t\t\t\t\t\t<ul><li>Chi immette in consumo carburanti fossili dovr\u00e0 <strong>monitorare, dichiarare e compensare<\/strong> le emissioni;<\/li><li>Dal 2027 in poi, sar\u00e0 necessario <strong>acquistare quote emissive<\/strong> per ogni tonnellata di CO\u2082 emessa;<\/li><li>I primi ad adeguarsi saranno anche i primi a <strong>gestire meglio i costi.<\/strong><\/li><\/ul>\t\t\t\t\t\t\t\t<\/div>\n\t\t\t\t<\/div>\n\t\t\t\t<\/div>\n\t\t\t\t<\/div>\n\t\t\t\t<\/div>\n\t\t<div class=\"elementor-element elementor-element-4a63e6c e-con-full e-flex e-con e-parent\" data-id=\"4a63e6c\" data-element_type=\"container\" data-e-type=\"container\" data-settings=\"{&quot;background_background&quot;:&quot;classic&quot;}\">\n\t\t<div class=\"elementor-element elementor-element-44a3e03 e-con-full e-flex elementor-invisible e-con e-child\" data-id=\"44a3e03\" data-element_type=\"container\" data-e-type=\"container\" data-settings=\"{&quot;animation&quot;:&quot;fadeInUp&quot;,&quot;animation_delay&quot;:250}\">\n\t\t<div class=\"elementor-element elementor-element-d2684a3 e-con-full e-flex e-con e-child\" data-id=\"d2684a3\" data-element_type=\"container\" data-e-type=\"container\" data-settings=\"{&quot;animation&quot;:&quot;none&quot;}\">\n\t\t<div class=\"elementor-element elementor-element-7eba882 e-con-full e-flex e-con e-child\" data-id=\"7eba882\" data-element_type=\"container\" data-e-type=\"container\" data-settings=\"{&quot;animation&quot;:&quot;none&quot;,&quot;animation_delay&quot;:250}\">\n\t\t\t\t<div class=\"elementor-element elementor-element-d78f9dc elementor-widget__width-initial elementor-widget elementor-widget-heading\" data-id=\"d78f9dc\" data-element_type=\"widget\" data-e-type=\"widget\" data-widget_type=\"heading.default\">\n\t\t\t\t<div class=\"elementor-widget-container\">\n\t\t\t\t\t<h2 class=\"elementor-heading-title elementor-size-default\">Cosa facciamo per te<\/h2>\t\t\t\t<\/div>\n\t\t\t\t<\/div>\n\t\t\t\t<div class=\"elementor-element elementor-element-8a73604 elementor-widget__width-initial elementor-widget-divider--view-line elementor-widget elementor-widget-divider\" data-id=\"8a73604\" data-element_type=\"widget\" data-e-type=\"widget\" data-widget_type=\"divider.default\">\n\t\t\t\t<div class=\"elementor-widget-container\">\n\t\t\t\t\t\t\t<div class=\"elementor-divider\">\n\t\t\t<span class=\"elementor-divider-separator\">\n\t\t\t\t\t\t<\/span>\n\t\t<\/div>\n\t\t\t\t\t\t<\/div>\n\t\t\t\t<\/div>\n\t\t\t\t<\/div>\n\t\t\t\t<div class=\"elementor-element elementor-element-e18720e elementor-widget__width-initial elementor-widget elementor-widget-text-editor\" data-id=\"e18720e\" data-element_type=\"widget\" data-e-type=\"widget\" data-widget_type=\"text-editor.default\">\n\t\t\t\t<div class=\"elementor-widget-container\">\n\t\t\t\t\t\t\t\t\t<p><strong>1. Autorizzazioni e iscrizione al registro<\/strong><br \/>Ti accompagniamo attraverso tutti gli step per accedere al sistema ETS2, entro le scadenze previste;<\/p><p><strong>2. Monitoraggio e report delle emissioni <\/strong><br \/>Implementiamo strumenti e processi per<strong> rilevare i dati,<\/strong> elaborarli e generare report conformi;<\/p><p><strong>3. Gestione delle quote<\/strong><br \/>Ti affianchiamo nell&#8217;acquisto, nel calcolo dei fabbisogni e nella restituzione delle quote.<\/p>\t\t\t\t\t\t\t\t<\/div>\n\t\t\t\t<\/div>\n\t\t\t\t<\/div>\n\t\t\t\t<\/div>\n\t\t\t\t<\/div>\n\t\t<div class=\"elementor-element elementor-element-ab4244a e-con-full e-flex e-con e-parent\" data-id=\"ab4244a\" data-element_type=\"container\" data-e-type=\"container\" data-settings=\"{&quot;background_background&quot;:&quot;classic&quot;}\">\n\t\t<div class=\"elementor-element elementor-element-2784138 e-con-full e-flex elementor-invisible e-con e-child\" data-id=\"2784138\" data-element_type=\"container\" data-e-type=\"container\" data-settings=\"{&quot;animation&quot;:&quot;fadeInUp&quot;,&quot;animation_delay&quot;:250}\">\n\t\t<div class=\"elementor-element elementor-element-67575b7 e-con-full e-flex e-con e-child\" data-id=\"67575b7\" data-element_type=\"container\" data-e-type=\"container\">\n\t\t<div class=\"elementor-element elementor-element-081fd8b e-con-full e-flex elementor-invisible e-con e-child\" data-id=\"081fd8b\" data-element_type=\"container\" data-e-type=\"container\" data-settings=\"{&quot;animation&quot;:&quot;fadeInUp&quot;,&quot;animation_delay&quot;:250}\">\n\t\t\t\t<div class=\"elementor-element elementor-element-2b49572 elementor-widget__width-initial elementor-widget elementor-widget-heading\" data-id=\"2b49572\" data-element_type=\"widget\" data-e-type=\"widget\" data-widget_type=\"heading.default\">\n\t\t\t\t<div class=\"elementor-widget-container\">\n\t\t\t\t\t<h2 class=\"elementor-heading-title elementor-size-default\">Perch\u00e9 iniziare ora<\/h2>\t\t\t\t<\/div>\n\t\t\t\t<\/div>\n\t\t\t\t<div class=\"elementor-element elementor-element-68d3a09 elementor-widget__width-initial elementor-widget-divider--view-line elementor-widget elementor-widget-divider\" data-id=\"68d3a09\" data-element_type=\"widget\" data-e-type=\"widget\" data-widget_type=\"divider.default\">\n\t\t\t\t<div class=\"elementor-widget-container\">\n\t\t\t\t\t\t\t<div class=\"elementor-divider\">\n\t\t\t<span class=\"elementor-divider-separator\">\n\t\t\t\t\t\t<\/span>\n\t\t<\/div>\n\t\t\t\t\t\t<\/div>\n\t\t\t\t<\/div>\n\t\t\t\t<\/div>\n\t\t\t\t<div class=\"elementor-element elementor-element-3b454ef elementor-widget__width-initial elementor-widget elementor-widget-text-editor\" data-id=\"3b454ef\" data-element_type=\"widget\" data-e-type=\"widget\" data-widget_type=\"text-editor.default\">\n\t\t\t\t<div class=\"elementor-widget-container\">\n\t\t\t\t\t\t\t\t\t<ul><li>Per <strong>prepararti in anticipo<\/strong> al nuovo scenario<\/li><li>Per <strong>evitare costi inutili<\/strong> e rincorse dell\u2019ultimo minuto<\/li><li>Per <strong>posizionarti come player responsabile<\/strong> e pronto al cambiamento<\/li><li>Perch\u00e9 la sostenibilit\u00e0, oggi, \u00e8 anche una questione di <strong>efficienza fiscale<\/strong><\/li><\/ul>\t\t\t\t\t\t\t\t<\/div>\n\t\t\t\t<\/div>\n\t\t\t\t<\/div>\n\t\t<div class=\"elementor-element elementor-element-bb5247c e-con-full e-flex e-con e-child\" data-id=\"bb5247c\" data-element_type=\"container\" data-e-type=\"container\" data-settings=\"{&quot;background_background&quot;:&quot;classic&quot;}\">\n\t\t\t\t<div class=\"elementor-element elementor-element-f7769ce elementor-widget__width-initial elementor-widget elementor-widget-text-editor\" data-id=\"f7769ce\" data-element_type=\"widget\" data-e-type=\"widget\" data-widget_type=\"text-editor.default\">\n\t\t\t\t<div class=\"elementor-widget-container\">\n\t\t\t\t\t\t\t\t\t<p><strong>Vuoi un assessment gratuito?<\/strong><\/p><p>Parliamone: ti prepariamo a ETS2 con metodo, visione e risultati.<\/p>\t\t\t\t\t\t\t\t<\/div>\n\t\t\t\t<\/div>\n\t\t<div class=\"elementor-element elementor-element-5b23026 e-con-full e-flex e-con e-child\" data-id=\"5b23026\" data-element_type=\"container\" data-e-type=\"container\">\n\t\t\t\t<div class=\"elementor-element elementor-element-450af86 elementor-widget__width-auto elementor-widget elementor-widget-button\" data-id=\"450af86\" data-element_type=\"widget\" data-e-type=\"widget\" data-widget_type=\"button.default\">\n\t\t\t\t<div class=\"elementor-widget-container\">\n\t\t\t\t\t\t\t\t\t<div class=\"elementor-button-wrapper\">\n\t\t\t\t\t<a class=\"elementor-button elementor-button-link elementor-size-sm\" href=\"https:\/\/www.tecnovat.it\/en\/contatti\/\">\n\t\t\t\t\t\t<span class=\"elementor-button-content-wrapper\">\n\t\t\t\t\t\t\t\t\t<span class=\"elementor-button-text\">Richiedi una consulenza<\/span>\n\t\t\t\t\t<\/span>\n\t\t\t\t\t<\/a>\n\t\t\t\t<\/div>\n\t\t\t\t\t\t\t\t<\/div>\n\t\t\t\t<\/div>\n\t\t\t\t<div class=\"elementor-element elementor-element-6257dae elementor-widget__width-auto elementor-widget elementor-widget-button\" data-id=\"6257dae\" data-element_type=\"widget\" data-e-type=\"widget\" data-widget_type=\"button.default\">\n\t\t\t\t<div class=\"elementor-widget-container\">\n\t\t\t\t\t\t\t\t\t<div class=\"elementor-button-wrapper\">\n\t\t\t\t\t<a class=\"elementor-button elementor-button-link elementor-size-sm\" href=\"https:\/\/www.tecnovat.it\/en\/servizi\/\">\n\t\t\t\t\t\t<span class=\"elementor-button-content-wrapper\">\n\t\t\t\t\t\t\t\t\t<span class=\"elementor-button-text\">Scopri tutti servizi<\/span>\n\t\t\t\t\t<\/span>\n\t\t\t\t\t<\/a>\n\t\t\t\t<\/div>\n\t\t\t\t\t\t\t\t<\/div>\n\t\t\t\t<\/div>\n\t\t\t\t<\/div>\n\t\t\t\t<\/div>\n\t\t\t\t<\/div>\n\t\t\t\t<\/div>\n\t\t\t\t<\/div>\n\t\t","protected":false},"excerpt":{"rendered":"<p>Emission Trading System: ETS2 A partire dal 2025, chi immette in consumo carburanti fossili adoperati nei settori trasporti su strada, edilizia e piccola industria dovr\u00e0 entrare nel nuovo sistema europeo delle emissioni: ETS2. Cambiano le regole. Noi ti aiutiamo a rispondere, non subire. Che cos\u2019\u00e8 l\u2019ETS2: un nuovo capitolo nella regolazione delle emissioni L\u2019ETS2 rappresenta [&hellip;]<\/p>\n","protected":false},"author":1,"featured_media":0,"parent":53,"menu_order":0,"comment_status":"closed","ping_status":"closed","template":"","meta":{"footnotes":""},"class_list":["post-979","page","type-page","status-publish","hentry"],"_links":{"self":[{"href":"https:\/\/www.tecnovat.it\/en\/wp-json\/wp\/v2\/pages\/979","targetHints":{"allow":["GET"]}}],"collection":[{"href":"https:\/\/www.tecnovat.it\/en\/wp-json\/wp\/v2\/pages"}],"about":[{"href":"https:\/\/www.tecnovat.it\/en\/wp-json\/wp\/v2\/types\/page"}],"author":[{"embeddable":true,"href":"https:\/\/www.tecnovat.it\/en\/wp-json\/wp\/v2\/users\/1"}],"replies":[{"embeddable":true,"href":"https:\/\/www.tecnovat.it\/en\/wp-json\/wp\/v2\/comments?post=979"}],"version-history":[{"count":72,"href":"https:\/\/www.tecnovat.it\/en\/wp-json\/wp\/v2\/pages\/979\/revisions"}],"predecessor-version":[{"id":10945,"href":"https:\/\/www.tecnovat.it\/en\/wp-json\/wp\/v2\/pages\/979\/revisions\/10945"}],"up":[{"embeddable":true,"href":"https:\/\/www.tecnovat.it\/en\/wp-json\/wp\/v2\/pages\/53"}],"wp:attachment":[{"href":"https:\/\/www.tecnovat.it\/en\/wp-json\/wp\/v2\/media?parent=979"}],"curies":[{"name":"wp","href":"https:\/\/api.w.org\/{rel}","templated":true}]}}