{"id":597,"date":"2025-04-11T12:25:26","date_gmt":"2025-04-11T10:25:26","guid":{"rendered":"https:\/\/www.tecnovat.it\/?page_id=597"},"modified":"2026-03-12T14:48:12","modified_gmt":"2026-03-12T13:48:12","slug":"registration-aee-register-epr-registration","status":"publish","type":"page","link":"https:\/\/www.tecnovat.it\/en\/servizi\/iscrizione-registro-aee-registrazione-epr\/","title":{"rendered":"Registration in the WEEE register \u2013 EPR registration"},"content":{"rendered":"\t\t<div data-elementor-type=\"wp-page\" data-elementor-id=\"597\" class=\"elementor elementor-597\" data-elementor-post-type=\"page\">\n\t\t\t\t<div class=\"elementor-element elementor-element-eb71769 e-con-full e-flex e-con e-parent\" data-id=\"eb71769\" data-element_type=\"container\" data-e-type=\"container\" data-settings=\"{&quot;background_background&quot;:&quot;classic&quot;}\">\n\t\t<div class=\"elementor-element elementor-element-5af0305 e-con-full e-flex e-con e-child\" data-id=\"5af0305\" data-element_type=\"container\" data-e-type=\"container\">\n\t\t<div class=\"elementor-element elementor-element-080d753 e-con-full e-flex e-con e-child\" data-id=\"080d753\" data-element_type=\"container\" data-e-type=\"container\">\n\t\t\t\t<div class=\"elementor-element elementor-element-9609a63 elementor-widget__width-initial elementor-widget elementor-widget-heading\" data-id=\"9609a63\" data-element_type=\"widget\" data-e-type=\"widget\" data-settings=\"{&quot;_animation&quot;:&quot;none&quot;,&quot;_animation_delay&quot;:150}\" data-widget_type=\"heading.default\">\n\t\t\t\t<div class=\"elementor-widget-container\">\n\t\t\t\t\t<h1 class=\"elementor-heading-title elementor-size-default\">Iscrizione Registro AEE: ottieni il numero EPR per vendere in Europa senza ostacoli<\/h1>\t\t\t\t<\/div>\n\t\t\t\t<\/div>\n\t\t\t\t<\/div>\n\t\t<div class=\"elementor-element elementor-element-b88789c e-con-full e-flex e-con e-child\" data-id=\"b88789c\" data-element_type=\"container\" data-e-type=\"container\">\n\t\t\t\t<div class=\"elementor-element elementor-element-548bd64 elementor-widget elementor-widget-text-editor\" data-id=\"548bd64\" data-element_type=\"widget\" data-e-type=\"widget\" data-widget_type=\"text-editor.default\">\n\t\t\t\t<div class=\"elementor-widget-container\">\n\t\t\t\t\t\t\t\t\t<p>Se produci, distribuisci o vendi <strong>imballaggi,<\/strong> apparecchiature elettriche ed elettroniche o altri beni soggetti alla Responsabilit\u00e0 Estesa del Produttore (EPR), hai l\u2019obbligo di registrarti nei registri nazionali dei Paesi in cui operi.<\/p><p>Essere conformi significa poter continuare a vendere in sicurezza, anche su marketplace come Amazon e Zalando, ed evitare sanzioni, sospensioni e blocchi.<\/p>\t\t\t\t\t\t\t\t<\/div>\n\t\t\t\t<\/div>\n\t\t\t\t<\/div>\n\t\t\t\t<\/div>\n\t\t\t\t<\/div>\n\t\t<div class=\"elementor-element elementor-element-4245868 e-con-full e-flex e-con e-parent\" data-id=\"4245868\" data-element_type=\"container\" data-e-type=\"container\">\n\t\t\t\t<div class=\"elementor-element elementor-element-cad6305 elementor-widget__width-initial elementor-widget elementor-widget-html\" data-id=\"cad6305\" data-element_type=\"widget\" data-e-type=\"widget\" data-widget_type=\"html.default\">\n\t\t\t\t<div class=\"elementor-widget-container\">\n\t\t\t\t\t<div id=\"el-breadcrumbs\"><\/div>\n\n<script>\n  document.addEventListener('DOMContentLoaded', function(){\n    const path = window.location.pathname.split('\/').filter(p => p);\n    const container = document.getElementById('el-breadcrumbs');\n    if(!container) return;\n\n    const homeLink = '<a href=\"\/\">Home<\/a>';\n    const sep = ' \/ ';\n    let crumbs = [homeLink];\n\n    let accumulated = '\/';\n    path.forEach((segment, i) => {\n      accumulated += segment + '\/';\n      \/\/ Sostituisci trattini e maiuscole  \n      const name = segment.replace(\/-\/g, ' ').replace(\/\\b\\w\/g, l => l.toUpperCase());\n      if (i < path.length - 1) {\n        crumbs.push(`<a href=\"${accumulated}\">${name}<\/a>`);\n      } else {\n        crumbs.push(`<span>${name}<\/span>`);\n      }\n    });\n\n    container.innerHTML = '<nav class=\"el-breadcrumbs\" aria-label=\"Breadcrumb\">' \n                          + crumbs.join(sep) \n                          + '<\/nav>';\n  });\n<\/script>\n\t\t\t\t<\/div>\n\t\t\t\t<\/div>\n\t\t\t\t<\/div>\n\t\t<div class=\"elementor-element elementor-element-e4ba1d4 e-con-full e-flex e-con e-parent\" data-id=\"e4ba1d4\" data-element_type=\"container\" data-e-type=\"container\" data-settings=\"{&quot;background_background&quot;:&quot;classic&quot;}\">\n\t\t<div class=\"elementor-element elementor-element-304d16e e-con-full e-flex elementor-invisible e-con e-child\" data-id=\"304d16e\" data-element_type=\"container\" data-e-type=\"container\" data-settings=\"{&quot;animation&quot;:&quot;fadeInUp&quot;,&quot;animation_delay&quot;:250}\">\n\t\t<div class=\"elementor-element elementor-element-6f0f331 e-con-full e-flex e-con e-child\" data-id=\"6f0f331\" data-element_type=\"container\" data-e-type=\"container\">\n\t\t<div class=\"elementor-element elementor-element-89f6c7b e-con-full e-flex elementor-invisible e-con e-child\" data-id=\"89f6c7b\" data-element_type=\"container\" data-e-type=\"container\" data-settings=\"{&quot;animation&quot;:&quot;fadeInUp&quot;,&quot;animation_delay&quot;:250}\">\n\t\t\t\t<div class=\"elementor-element elementor-element-1d15a32 elementor-widget__width-initial elementor-widget elementor-widget-heading\" data-id=\"1d15a32\" data-element_type=\"widget\" data-e-type=\"widget\" data-widget_type=\"heading.default\">\n\t\t\t\t<div class=\"elementor-widget-container\">\n\t\t\t\t\t<h2 class=\"elementor-heading-title elementor-size-default\">Cos\u2019\u00e8 l\u2019EPR (Responsabilit\u00e0 Estesa del Produttore)<\/h2>\t\t\t\t<\/div>\n\t\t\t\t<\/div>\n\t\t\t\t<div class=\"elementor-element elementor-element-b3a6d44 elementor-widget__width-initial elementor-widget-divider--view-line elementor-widget elementor-widget-divider\" data-id=\"b3a6d44\" data-element_type=\"widget\" data-e-type=\"widget\" data-widget_type=\"divider.default\">\n\t\t\t\t<div class=\"elementor-widget-container\">\n\t\t\t\t\t\t\t<div class=\"elementor-divider\">\n\t\t\t<span class=\"elementor-divider-separator\">\n\t\t\t\t\t\t<\/span>\n\t\t<\/div>\n\t\t\t\t\t\t<\/div>\n\t\t\t\t<\/div>\n\t\t\t\t<\/div>\n\t\t\t\t<div class=\"elementor-element elementor-element-6031847 elementor-widget__width-initial elementor-widget elementor-widget-text-editor\" data-id=\"6031847\" data-element_type=\"widget\" data-e-type=\"widget\" data-widget_type=\"text-editor.default\">\n\t\t\t\t<div class=\"elementor-widget-container\">\n\t\t\t\t\t\t\t\t\t<p>L\u2019EPR \u00e8 il principio secondo cui chi immette per la prima volta un prodotto nel mercato europeo \u00e8 responsabile anche della sua fase di fine vita.<\/p><p>Questa responsabilit\u00e0 si traduce in obblighi amministrativi, dichiarativi ed economici, che variano da Paese a Paese e riguardano sempre pi\u00f9 categorie: AEE, batterie, imballaggi, prodotti tessili, arredi.<\/p>\t\t\t\t\t\t\t\t<\/div>\n\t\t\t\t<\/div>\n\t\t\t\t<\/div>\n\t\t<div class=\"elementor-element elementor-element-c9e8130 e-con-full animated-slow e-flex elementor-invisible e-con e-child\" data-id=\"c9e8130\" data-element_type=\"container\" data-e-type=\"container\" data-settings=\"{&quot;background_background&quot;:&quot;classic&quot;,&quot;animation&quot;:&quot;fadeInUp&quot;,&quot;animation_delay&quot;:150}\">\n\t\t\t\t<div class=\"elementor-element elementor-element-4e7beb4 elementor-widget__width-initial elementor-widget elementor-widget-text-editor\" data-id=\"4e7beb4\" data-element_type=\"widget\" data-e-type=\"widget\" data-widget_type=\"text-editor.default\">\n\t\t\t\t<div class=\"elementor-widget-container\">\n\t\t\t\t\t\t\t\t\t<p><strong>Obblighi principali<\/strong><\/p><ul><li>Iscrizione al registro nazionale o al consorzio di riferimento<\/li><li>Ottenimento del numero di registrazione EPR per ciascuna categoria<\/li><li>Dichiarazione periodica delle quantit\u00e0 immesse sul mercato<\/li><li>Versamento degli eco-contributi previsti<\/li><li>Etichettatura ambientale secondo le regole locali<\/li><\/ul>\t\t\t\t\t\t\t\t<\/div>\n\t\t\t\t<\/div>\n\t\t\t\t<\/div>\n\t\t\t\t<\/div>\n\t\t\t\t<\/div>\n\t\t<div class=\"elementor-element elementor-element-4a63e6c e-con-full e-flex e-con e-parent\" data-id=\"4a63e6c\" data-element_type=\"container\" data-e-type=\"container\" data-settings=\"{&quot;background_background&quot;:&quot;classic&quot;}\">\n\t\t<div class=\"elementor-element elementor-element-7eba882 e-con-full e-flex e-con e-child\" data-id=\"7eba882\" data-element_type=\"container\" data-e-type=\"container\" data-settings=\"{&quot;animation&quot;:&quot;none&quot;,&quot;animation_delay&quot;:250}\">\n\t\t\t\t<div class=\"elementor-element elementor-element-d78f9dc elementor-widget__width-initial elementor-widget elementor-widget-heading\" data-id=\"d78f9dc\" data-element_type=\"widget\" data-e-type=\"widget\" data-widget_type=\"heading.default\">\n\t\t\t\t<div class=\"elementor-widget-container\">\n\t\t\t\t\t<h2 class=\"elementor-heading-title elementor-size-default\">Amazon, Germania, Francia e Spagna: attenzione alle scadenze<\/h2>\t\t\t\t<\/div>\n\t\t\t\t<\/div>\n\t\t\t\t<div class=\"elementor-element elementor-element-8a73604 elementor-widget__width-initial elementor-widget-divider--view-line elementor-widget elementor-widget-divider\" data-id=\"8a73604\" data-element_type=\"widget\" data-e-type=\"widget\" data-widget_type=\"divider.default\">\n\t\t\t\t<div class=\"elementor-widget-container\">\n\t\t\t\t\t\t\t<div class=\"elementor-divider\">\n\t\t\t<span class=\"elementor-divider-separator\">\n\t\t\t\t\t\t<\/span>\n\t\t<\/div>\n\t\t\t\t\t\t<\/div>\n\t\t\t\t<\/div>\n\t\t\t\t<\/div>\n\t\t<div class=\"elementor-element elementor-element-44a3e03 e-con-full e-flex elementor-invisible e-con e-child\" data-id=\"44a3e03\" data-element_type=\"container\" data-e-type=\"container\" data-settings=\"{&quot;animation&quot;:&quot;fadeInUp&quot;,&quot;animation_delay&quot;:250}\">\n\t\t<div class=\"elementor-element elementor-element-d2684a3 e-con-full e-flex e-con e-child\" data-id=\"d2684a3\" data-element_type=\"container\" data-e-type=\"container\" data-settings=\"{&quot;animation&quot;:&quot;none&quot;}\">\n\t\t\t\t<div class=\"elementor-element elementor-element-e18720e elementor-widget__width-initial elementor-widget elementor-widget-text-editor\" data-id=\"e18720e\" data-element_type=\"widget\" data-e-type=\"widget\" data-widget_type=\"text-editor.default\">\n\t\t\t\t<div class=\"elementor-widget-container\">\n\t\t\t\t\t\t\t\t\t<p>Dal 2022, marketplace e autorit\u00e0 hanno intensificato i controlli. Nei Paesi come Germania, Francia e Spagna. La mancata conformit\u00e0 pu\u00f2 comportare:<\/p><ul><li><strong>Sospensione della vendita dei prodotti<\/strong><\/li><li><strong>Addebito diretto degli eco-contributi<\/strong><\/li><li><strong>Segnalazioni alle autorit\u00e0 competenti<\/strong><\/li><\/ul>\t\t\t\t\t\t\t\t<\/div>\n\t\t\t\t<\/div>\n\t\t\t\t<\/div>\n\t\t<div class=\"elementor-element elementor-element-a86c3d8 e-con-full elementor-hidden-tablet elementor-hidden-mobile e-flex e-con e-child\" data-id=\"a86c3d8\" data-element_type=\"container\" data-e-type=\"container\">\n\t\t\t\t<\/div>\n\t\t\t\t<\/div>\n\t\t\t\t<\/div>\n\t\t<div class=\"elementor-element elementor-element-ab4244a e-con-full e-flex e-con e-parent\" data-id=\"ab4244a\" data-element_type=\"container\" data-e-type=\"container\" data-settings=\"{&quot;background_background&quot;:&quot;classic&quot;}\">\n\t\t<div class=\"elementor-element elementor-element-2784138 e-con-full e-flex elementor-invisible e-con e-child\" data-id=\"2784138\" data-element_type=\"container\" data-e-type=\"container\" data-settings=\"{&quot;animation&quot;:&quot;fadeInUp&quot;,&quot;animation_delay&quot;:250}\">\n\t\t<div class=\"elementor-element elementor-element-67575b7 e-con-full e-flex e-con e-child\" data-id=\"67575b7\" data-element_type=\"container\" data-e-type=\"container\">\n\t\t<div class=\"elementor-element elementor-element-081fd8b e-con-full e-flex elementor-invisible e-con e-child\" data-id=\"081fd8b\" data-element_type=\"container\" data-e-type=\"container\" data-settings=\"{&quot;animation&quot;:&quot;fadeInUp&quot;,&quot;animation_delay&quot;:250}\">\n\t\t\t\t<div class=\"elementor-element elementor-element-2b49572 elementor-widget__width-initial elementor-widget elementor-widget-heading\" data-id=\"2b49572\" data-element_type=\"widget\" data-e-type=\"widget\" data-widget_type=\"heading.default\">\n\t\t\t\t<div class=\"elementor-widget-container\">\n\t\t\t\t\t<h2 class=\"elementor-heading-title elementor-size-default\">Cosa facciamo per te<\/h2>\t\t\t\t<\/div>\n\t\t\t\t<\/div>\n\t\t\t\t<div class=\"elementor-element elementor-element-68d3a09 elementor-widget__width-initial elementor-widget-divider--view-line elementor-widget elementor-widget-divider\" data-id=\"68d3a09\" data-element_type=\"widget\" data-e-type=\"widget\" data-widget_type=\"divider.default\">\n\t\t\t\t<div class=\"elementor-widget-container\">\n\t\t\t\t\t\t\t<div class=\"elementor-divider\">\n\t\t\t<span class=\"elementor-divider-separator\">\n\t\t\t\t\t\t<\/span>\n\t\t<\/div>\n\t\t\t\t\t\t<\/div>\n\t\t\t\t<\/div>\n\t\t\t\t<\/div>\n\t\t\t\t<div class=\"elementor-element elementor-element-3b454ef elementor-widget__width-initial elementor-widget elementor-widget-text-editor\" data-id=\"3b454ef\" data-element_type=\"widget\" data-e-type=\"widget\" data-widget_type=\"text-editor.default\">\n\t\t\t\t<div class=\"elementor-widget-container\">\n\t\t\t\t\t\t\t\t\tCon Tecno VAT puoi delegare completamente la gestione EPR, in ogni Paese europeo. Ti supportiamo con:\n<ul>\n \t<li><strong>Analisi delle categorie di prodotto<\/strong><\/li>\n \t<li><strong>Iscrizione ai registri e ai consorzi<\/strong><\/li>\n \t<li><strong>Dichiarazioni periodiche<\/strong><\/li>\n \t<li><strong>Calcolo e versamento eco-contributi<\/strong><\/li>\n \t<li><strong>Supporto continuativo e multilingua<\/strong><\/li>\n<\/ul><br>\nSiamo parte di Tecno Group: questo ci permette di integrare sostenibilit\u00e0, fiscalit\u00e0 e digitalizzazione in un\u2019unica soluzione.\t\t\t\t\t\t\t\t<\/div>\n\t\t\t\t<\/div>\n\t\t\t\t<\/div>\n\t\t<div class=\"elementor-element elementor-element-bb5247c e-con-full e-flex e-con e-child\" data-id=\"bb5247c\" data-element_type=\"container\" data-e-type=\"container\" data-settings=\"{&quot;background_background&quot;:&quot;classic&quot;}\">\n\t\t\t\t<div class=\"elementor-element elementor-element-f7769ce elementor-widget__width-initial elementor-widget elementor-widget-text-editor\" data-id=\"f7769ce\" data-element_type=\"widget\" data-e-type=\"widget\" data-widget_type=\"text-editor.default\">\n\t\t\t\t<div class=\"elementor-widget-container\">\n\t\t\t\t\t\t\t\t\t<p><strong>Un partner per ogni adempimento EPR<\/strong><\/p><p>Lavoriamo al fianco di imprese italiane e internazionali che vendono in Europa e vogliono operare in regola, con visione e controllo.<\/p><p>Affidati a noi per una gestione semplice, completa e conforme.<\/p>\t\t\t\t\t\t\t\t<\/div>\n\t\t\t\t<\/div>\n\t\t<div class=\"elementor-element elementor-element-5b23026 e-con-full e-flex e-con e-child\" data-id=\"5b23026\" data-element_type=\"container\" data-e-type=\"container\">\n\t\t\t\t<div class=\"elementor-element elementor-element-450af86 elementor-widget__width-auto elementor-widget elementor-widget-button\" data-id=\"450af86\" data-element_type=\"widget\" data-e-type=\"widget\" data-widget_type=\"button.default\">\n\t\t\t\t<div class=\"elementor-widget-container\">\n\t\t\t\t\t\t\t\t\t<div class=\"elementor-button-wrapper\">\n\t\t\t\t\t<a class=\"elementor-button elementor-button-link elementor-size-sm\" href=\"https:\/\/www.tecnovat.it\/en\/contatti\/\">\n\t\t\t\t\t\t<span class=\"elementor-button-content-wrapper\">\n\t\t\t\t\t\t\t\t\t<span class=\"elementor-button-text\">Richiedi una consulenza<\/span>\n\t\t\t\t\t<\/span>\n\t\t\t\t\t<\/a>\n\t\t\t\t<\/div>\n\t\t\t\t\t\t\t\t<\/div>\n\t\t\t\t<\/div>\n\t\t\t\t<div class=\"elementor-element elementor-element-6257dae elementor-widget__width-auto elementor-widget elementor-widget-button\" data-id=\"6257dae\" data-element_type=\"widget\" data-e-type=\"widget\" data-widget_type=\"button.default\">\n\t\t\t\t<div class=\"elementor-widget-container\">\n\t\t\t\t\t\t\t\t\t<div class=\"elementor-button-wrapper\">\n\t\t\t\t\t<a class=\"elementor-button elementor-button-link elementor-size-sm\" href=\"https:\/\/www.tecnovat.it\/en\/servizi\/\">\n\t\t\t\t\t\t<span class=\"elementor-button-content-wrapper\">\n\t\t\t\t\t\t\t\t\t<span class=\"elementor-button-text\">Scopri tutti servizi<\/span>\n\t\t\t\t\t<\/span>\n\t\t\t\t\t<\/a>\n\t\t\t\t<\/div>\n\t\t\t\t\t\t\t\t<\/div>\n\t\t\t\t<\/div>\n\t\t\t\t<\/div>\n\t\t\t\t<\/div>\n\t\t\t\t<\/div>\n\t\t\t\t<\/div>\n\t\t\t\t<\/div>\n\t\t","protected":false},"excerpt":{"rendered":"<p>Iscrizione Registro AEE: ottieni il numero EPR per vendere in Europa senza ostacoli Se produci, distribuisci o vendi imballaggi, apparecchiature elettriche ed elettroniche o altri beni soggetti alla Responsabilit\u00e0 Estesa del Produttore (EPR), hai l\u2019obbligo di registrarti nei registri nazionali dei Paesi in cui operi. Essere conformi significa poter continuare a vendere in sicurezza, anche [&hellip;]<\/p>\n","protected":false},"author":1,"featured_media":0,"parent":53,"menu_order":0,"comment_status":"closed","ping_status":"closed","template":"","meta":{"footnotes":""},"class_list":["post-597","page","type-page","status-publish","hentry"],"_links":{"self":[{"href":"https:\/\/www.tecnovat.it\/en\/wp-json\/wp\/v2\/pages\/597","targetHints":{"allow":["GET"]}}],"collection":[{"href":"https:\/\/www.tecnovat.it\/en\/wp-json\/wp\/v2\/pages"}],"about":[{"href":"https:\/\/www.tecnovat.it\/en\/wp-json\/wp\/v2\/types\/page"}],"author":[{"embeddable":true,"href":"https:\/\/www.tecnovat.it\/en\/wp-json\/wp\/v2\/users\/1"}],"replies":[{"embeddable":true,"href":"https:\/\/www.tecnovat.it\/en\/wp-json\/wp\/v2\/comments?post=597"}],"version-history":[{"count":88,"href":"https:\/\/www.tecnovat.it\/en\/wp-json\/wp\/v2\/pages\/597\/revisions"}],"predecessor-version":[{"id":10948,"href":"https:\/\/www.tecnovat.it\/en\/wp-json\/wp\/v2\/pages\/597\/revisions\/10948"}],"up":[{"embeddable":true,"href":"https:\/\/www.tecnovat.it\/en\/wp-json\/wp\/v2\/pages\/53"}],"wp:attachment":[{"href":"https:\/\/www.tecnovat.it\/en\/wp-json\/wp\/v2\/media?parent=597"}],"curies":[{"name":"wp","href":"https:\/\/api.w.org\/{rel}","templated":true}]}}